{"id":399,"date":"2019-09-24T08:17:45","date_gmt":"2019-09-24T06:17:45","guid":{"rendered":"https:\/\/www.osteopathie-praxis-zehlendorf.de\/cms\/?page_id=399"},"modified":"2025-02-05T18:20:37","modified_gmt":"2025-02-05T16:20:37","slug":"osteopathische-behandlung-von-kindern","status":"publish","type":"page","link":"https:\/\/www.osteopathie-praxis-zehlendorf.de\/cms\/osteopathische-behandlung-von-kindern\/","title":{"rendered":"Osteopathische Behandlung von Kindern"},"content":{"rendered":"\n<p><a href=\"https:\/\/www.osteopathie-praxis-zehlendorf.de\/cms\/leistungsspektrum\/\">&lt; zur\u00fcck zu den Leistungen<\/a><\/p>\n\n\n\n<p>Die Osteopathie ist f\u00fcr alle Altersklassen. Dies gilt selbstverst\u00e4ndlich auch f\u00fcr Kinder, die sich in einem Lebensabschnitt befinden, in dem sich innere und \u00e4u\u00dfere Einfl\u00fcsse so entscheidend auswirken. In keiner anderen Phase der Entwicklung macht der Organismus solche gro\u00dfen anatomischen, physiologischen und psychischen Ver\u00e4nderungen durch.<\/p>\n\n\n\n<p>Aus\nSicht der Osteopathie k\u00f6nnen bereits mit der Geburt Funktionsst\u00f6rungen\nentstehen, die erst Jahrzehnte sp\u00e4ter zu Symptomen f\u00fchren oder bestimmte\nKrankheiten beg\u00fcnstigen. Der Osteopath sucht nach der Ursache der Funktionsst\u00f6rung\nund gibt, soweit dies m\u00f6glich ist, der betroffenen Struktur ihre urspr\u00fcngliche\nBewegung zur\u00fcck. Stimmen die Bewegungen der Struktur wieder, kann diese erneut\nihre Funktionen aufnehmen. <\/p>\n\n\n\n<p>Ziel\nder osteopathischen Behandlung ist es, das Kind in seiner Entwicklung optimal\nzu unterst\u00fctzen und die Selbstheilungskr\u00e4fte des kleinen K\u00f6rpers zu\nmobilisieren und auch prophylaktisch Fehlentwicklungen entgegen zu wirken.<\/p>\n\n\n\n<p>Um S\u00e4uglinge und Kinder zu behandeln, ist es wichtig, die unterschiedlichen Entwicklungsstufen des Kindes genau zu kennen und die normale sensorische, emotionale und neurologische Entwicklung des Kindes und die spezielle Kinderpathologie zu kennen.  Mitglieder des Verbandes der Osteopathen, die eine entsprechend umfassende Fortbildung in dem Bereich der Behandlung von Kindern durchlaufen haben, sind mit dem Symbol auf der Osteopathenliste des VOD unter www.osteopathie.de\/osteopathenliste<strong> <\/strong>gekennzeichnet.  <\/p>\n\n\n\n<p><a href=\"https:\/\/www.osteopathie-praxis-zehlendorf.de\/cms\/leistungsspektrum\/\">&lt; zur\u00fcck zu den Leistungen<\/a><\/p>\n","protected":false},"excerpt":{"rendered":"<p>&lt; zur\u00fcck zu den Leistungen Die Osteopathie ist f\u00fcr alle Altersklassen. Dies gilt selbstverst\u00e4ndlich auch f\u00fcr Kinder, die sich in [&hellip;]<\/p>\n","protected":false},"author":1,"featured_media":0,"parent":0,"menu_order":0,"comment_status":"closed","ping_status":"closed","template":"","meta":{"site-sidebar-layout":"default","site-content-layout":"","ast-site-content-layout":"","site-content-style":"default","site-sidebar-style":"default","ast-global-header-display":"","ast-banner-title-visibility":"","ast-main-header-display":"","ast-hfb-above-header-display":"","ast-hfb-below-header-display":"","ast-hfb-mobile-header-display":"","site-post-title":"","ast-breadcrumbs-content":"","ast-featured-img":"","footer-sml-layout":"","theme-transparent-header-meta":"","adv-header-id-meta":"","stick-header-meta":"","header-above-stick-meta":"","header-main-stick-meta":"","header-below-stick-meta":"","astra-migrate-meta-layouts":"default","ast-page-background-enabled":"default","ast-page-background-meta":{"desktop":{"background-color":"var(--ast-global-color-5)","background-image":"","background-repeat":"repeat","background-position":"center center","background-size":"auto","background-attachment":"scroll","background-type":"","background-media":"","overlay-type":"","overlay-color":"","overlay-opacity":"","overlay-gradient":""},"tablet":{"background-color":"","background-image":"","background-repeat":"repeat","background-position":"center center","background-size":"auto","background-attachment":"scroll","background-type":"","background-media":"","overlay-type":"","overlay-color":"","overlay-opacity":"","overlay-gradient":""},"mobile":{"background-color":"","background-image":"","background-repeat":"repeat","background-position":"center center","background-size":"auto","background-attachment":"scroll","background-type":"","background-media":"","overlay-type":"","overlay-color":"","overlay-opacity":"","overlay-gradient":""}},"ast-content-background-meta":{"desktop":{"background-color":"var(--ast-global-color-4)","background-image":"","background-repeat":"repeat","background-position":"center center","background-size":"auto","background-attachment":"scroll","background-type":"","background-media":"","overlay-type":"","overlay-color":"","overlay-opacity":"","overlay-gradient":""},"tablet":{"background-color":"var(--ast-global-color-4)","background-image":"","background-repeat":"repeat","background-position":"center center","background-size":"auto","background-attachment":"scroll","background-type":"","background-media":"","overlay-type":"","overlay-color":"","overlay-opacity":"","overlay-gradient":""},"mobile":{"background-color":"var(--ast-global-color-4)","background-image":"","background-repeat":"repeat","background-position":"center center","background-size":"auto","background-attachment":"scroll","background-type":"","background-media":"","overlay-type":"","overlay-color":"","overlay-opacity":"","overlay-gradient":""}},"footnotes":""},"class_list":["post-399","page","type-page","status-publish","hentry"],"_links":{"self":[{"href":"https:\/\/www.osteopathie-praxis-zehlendorf.de\/cms\/wp-json\/wp\/v2\/pages\/399","targetHints":{"allow":["GET"]}}],"collection":[{"href":"https:\/\/www.osteopathie-praxis-zehlendorf.de\/cms\/wp-json\/wp\/v2\/pages"}],"about":[{"href":"https:\/\/www.osteopathie-praxis-zehlendorf.de\/cms\/wp-json\/wp\/v2\/types\/page"}],"author":[{"embeddable":true,"href":"https:\/\/www.osteopathie-praxis-zehlendorf.de\/cms\/wp-json\/wp\/v2\/users\/1"}],"replies":[{"embeddable":true,"href":"https:\/\/www.osteopathie-praxis-zehlendorf.de\/cms\/wp-json\/wp\/v2\/comments?post=399"}],"version-history":[{"count":6,"href":"https:\/\/www.osteopathie-praxis-zehlendorf.de\/cms\/wp-json\/wp\/v2\/pages\/399\/revisions"}],"predecessor-version":[{"id":503,"href":"https:\/\/www.osteopathie-praxis-zehlendorf.de\/cms\/wp-json\/wp\/v2\/pages\/399\/revisions\/503"}],"wp:attachment":[{"href":"https:\/\/www.osteopathie-praxis-zehlendorf.de\/cms\/wp-json\/wp\/v2\/media?parent=399"}],"curies":[{"name":"wp","href":"https:\/\/api.w.org\/{rel}","templated":true}]}}