{"id":394,"date":"2019-09-24T08:13:30","date_gmt":"2019-09-24T06:13:30","guid":{"rendered":"https:\/\/www.osteopathie-praxis-zehlendorf.de\/cms\/?page_id=394"},"modified":"2019-09-24T08:23:19","modified_gmt":"2019-09-24T06:23:19","slug":"osteopathie-2","status":"publish","type":"page","link":"https:\/\/www.osteopathie-praxis-zehlendorf.de\/cms\/osteopathie-2\/","title":{"rendered":"Osteopathie"},"content":{"rendered":"\n<p><a href=\"https:\/\/www.osteopathie-praxis-zehlendorf.de\/cms\/leistungsspektrum\/\">&lt; zur\u00fcck zu den Leistungen<\/a><\/p>\n\n\n\n<h2 class=\"wp-block-heading\">Was ist Osteopathie?<\/h2>\n\n\n\n<p>Vor 140 Jahren erkannte\nund benannte der amerikanische Arzt Dr. Andrew Taylor Still die Prinzipien der Osteopathie.\nSeit jener Zeit hat sich die Osteopathie kontinuierlich weiterentwickelt, in\nden USA, ebenso wie in Europa und anderen Teilen der Welt.<\/p>\n\n\n\n<p>Osteopathie ist eine\neigenst\u00e4ndige Form der Medizin, die dem Erkennen und Behandeln von\nFunktionsst\u00f6rungen dient. Die osteopathische Behandlung erfolgt ausschlie\u00dflich\nmit den H\u00e4nden. Der Patient wird in seiner Gesamtheit betrachtet \u2013 zum einen in\nder Einheit von K\u00f6rper, Geist und Seele und zum anderen in seiner k\u00f6rperlichen\nEinheit auf allen Ebenen.<\/p>\n\n\n\n<h2 class=\"wp-block-heading\">Der Ansatz der\nOsteopathie<\/h2>\n\n\n\n<p>Das Prinzip der\nOsteopathie bezieht sich zum einen auf die Beweglichkeit des K\u00f6rpers in seiner\nGesamtheit, zum anderen auf die Eigenbewegungen der Gewebe, der einzelnen\nK\u00f6rperteile und Organsysteme sowie deren Zusammenspiel. Jedes K\u00f6rperteil, jedes\nOrgan ben\u00f6tigt zum optimalen Funktionieren viel Bewegungsfreiheit.<\/p>\n\n\n\n<p>Ist die Beweglichkeit\neingeschr\u00e4nkt, entstehen aus Sicht der Osteopathie zun\u00e4chst Gewebespannungen\nund darauf folgend Funktionsst\u00f6rungen. Die Summe dieser Fehlfunktionen kann der\nOrganismus aus Sicht der Osteopathie nicht mehr kompensieren \u2013 es entstehen\nBeschwerden.<\/p>\n\n\n\n<p>Beim Forschen nach den\nUrsachen der Beschwerden im menschlichen K\u00f6rper stehen eine Strukturst\u00f6rung und\ndie daraus resultierende Fehlfunktion im Vordergrund. Diese so genannte\nsomatische Dysfunktion gilt es aufzusp\u00fcren und zu beheben. Die Osteopathie\nbehandelt demzufolge keine Krankheiten im eigentlichen Sinne, sondern\nBewegungsst\u00f6rungen im weitesten Sinne.<\/p>\n\n\n\n<p>Unser Organismus besteht\naus unz\u00e4hligen Strukturen, die alle direkt oder indirekt miteinander\nzusammenh\u00e4ngen. Den Zusammenhang stellen die Faszien her, d\u00fcnne\nBindegewebsh\u00fcllen, die jede Struktur umgeben und gemeinsam eine gro\u00dfe\nK\u00f6rperfaszie bilden. Bewegungseinschr\u00e4nkungen und Fehlfunktionen k\u00f6nnen sich\naus Sicht der Osteopathie \u00fcber die Faszien verbreiten und sich an einem anderen\nOrt des K\u00f6rpers durch Beschwerden zeigen.<\/p>\n\n\n\n<h2 class=\"wp-block-heading\">Wie erfolgt eine\nosteopathische Behandlung?<\/h2>\n\n\n\n<p>Die Feststellung einer\nDysfunktion setzt langes und intensives Training des Tastverm\u00f6gens voraus. Die\nosteopathische Behandlung erfolgt mit eigens entwickelten osteopathischen\nTechniken. Ziel ist, es dem behandelten Menschen zu erm\u00f6glichen, durch\nVerbesserung der Beweglichkeit der betroffenen Struktur, sich selbst auf\nnat\u00fcrliche Art und Weise ins Gleichgewicht zu bringen.<\/p>\n\n\n\n<p>Osteopathie beschr\u00e4nkt\nsich nicht auf die Behandlung einzelner Symptome, sondern sieht immer den\nMenschen als Ganzes. Behandelt werden daher auch keine Krankheiten, sondern\nMenschen. Deshalb ist es auch nicht sinnvoll, Indikationen f\u00fcr die Osteopathie\nanzugeben. Die Beseitigung von Symptomen ist im Grunde nicht Ziel der\nBehandlung, sondern nur ein Ergebnis der Aufl\u00f6sung von Einschr\u00e4nkungen\nosteopathischer Dysfunktionen jeder Art.<\/p>\n\n\n\n<p>Bevor eine osteopathische\nBehandlung begonnen wird, ist es manchmal ratsam, eine einhergehende\nschulmedizinische Diagnostik voranzustellen. Auch Befunde aus fr\u00fcheren\nmedizinischen Untersuchungen sind hilfreich. Die Osteopathie erg\u00e4nzt in vielen\nF\u00e4llen die klassische Schulmedizin, ersetzt diese aber nicht.<\/p>\n\n\n\n<p>Eine osteopathische\nBehandlung dauert zwischen 30 und 50 Minuten. Jede neue Therapiesitzung wird\nindividuell auf die Symptome des Patienten abgestimmt. Der genaue Verlauf der\nBehandlungen ist von dem Einzelfall abh\u00e4ngig.<\/p>\n\n\n\n<p><a href=\"https:\/\/www.osteopathie-praxis-zehlendorf.de\/cms\/leistungsspektrum\/\">&lt; zur\u00fcck zu den Leistungen<\/a><\/p>\n","protected":false},"excerpt":{"rendered":"<p>&lt; zur\u00fcck zu den Leistungen Was ist Osteopathie? Vor 140 Jahren erkannte und benannte der amerikanische Arzt Dr. Andrew Taylor [&hellip;]<\/p>\n","protected":false},"author":1,"featured_media":0,"parent":0,"menu_order":0,"comment_status":"closed","ping_status":"closed","template":"","meta":{"site-sidebar-layout":"default","site-content-layout":"","ast-site-content-layout":"","site-content-style":"default","site-sidebar-style":"default","ast-global-header-display":"","ast-banner-title-visibility":"","ast-main-header-display":"","ast-hfb-above-header-display":"","ast-hfb-below-header-display":"","ast-hfb-mobile-header-display":"","site-post-title":"","ast-breadcrumbs-content":"","ast-featured-img":"","footer-sml-layout":"","theme-transparent-header-meta":"","adv-header-id-meta":"","stick-header-meta":"","header-above-stick-meta":"","header-main-stick-meta":"","header-below-stick-meta":"","astra-migrate-meta-layouts":"default","ast-page-background-enabled":"default","ast-page-background-meta":{"desktop":{"background-color":"var(--ast-global-color-5)","background-image":"","background-repeat":"repeat","background-position":"center center","background-size":"auto","background-attachment":"scroll","background-type":"","background-media":"","overlay-type":"","overlay-color":"","overlay-opacity":"","overlay-gradient":""},"tablet":{"background-color":"","background-image":"","background-repeat":"repeat","background-position":"center center","background-size":"auto","background-attachment":"scroll","background-type":"","background-media":"","overlay-type":"","overlay-color":"","overlay-opacity":"","overlay-gradient":""},"mobile":{"background-color":"","background-image":"","background-repeat":"repeat","background-position":"center center","background-size":"auto","background-attachment":"scroll","background-type":"","background-media":"","overlay-type":"","overlay-color":"","overlay-opacity":"","overlay-gradient":""}},"ast-content-background-meta":{"desktop":{"background-color":"var(--ast-global-color-4)","background-image":"","background-repeat":"repeat","background-position":"center center","background-size":"auto","background-attachment":"scroll","background-type":"","background-media":"","overlay-type":"","overlay-color":"","overlay-opacity":"","overlay-gradient":""},"tablet":{"background-color":"var(--ast-global-color-4)","background-image":"","background-repeat":"repeat","background-position":"center center","background-size":"auto","background-attachment":"scroll","background-type":"","background-media":"","overlay-type":"","overlay-color":"","overlay-opacity":"","overlay-gradient":""},"mobile":{"background-color":"var(--ast-global-color-4)","background-image":"","background-repeat":"repeat","background-position":"center center","background-size":"auto","background-attachment":"scroll","background-type":"","background-media":"","overlay-type":"","overlay-color":"","overlay-opacity":"","overlay-gradient":""}},"footnotes":""},"class_list":["post-394","page","type-page","status-publish","hentry"],"_links":{"self":[{"href":"https:\/\/www.osteopathie-praxis-zehlendorf.de\/cms\/wp-json\/wp\/v2\/pages\/394","targetHints":{"allow":["GET"]}}],"collection":[{"href":"https:\/\/www.osteopathie-praxis-zehlendorf.de\/cms\/wp-json\/wp\/v2\/pages"}],"about":[{"href":"https:\/\/www.osteopathie-praxis-zehlendorf.de\/cms\/wp-json\/wp\/v2\/types\/page"}],"author":[{"embeddable":true,"href":"https:\/\/www.osteopathie-praxis-zehlendorf.de\/cms\/wp-json\/wp\/v2\/users\/1"}],"replies":[{"embeddable":true,"href":"https:\/\/www.osteopathie-praxis-zehlendorf.de\/cms\/wp-json\/wp\/v2\/comments?post=394"}],"version-history":[{"count":2,"href":"https:\/\/www.osteopathie-praxis-zehlendorf.de\/cms\/wp-json\/wp\/v2\/pages\/394\/revisions"}],"predecessor-version":[{"id":406,"href":"https:\/\/www.osteopathie-praxis-zehlendorf.de\/cms\/wp-json\/wp\/v2\/pages\/394\/revisions\/406"}],"wp:attachment":[{"href":"https:\/\/www.osteopathie-praxis-zehlendorf.de\/cms\/wp-json\/wp\/v2\/media?parent=394"}],"curies":[{"name":"wp","href":"https:\/\/api.w.org\/{rel}","templated":true}]}}