{"id":30,"date":"2014-01-27T16:43:07","date_gmt":"2014-01-27T14:43:07","guid":{"rendered":"http:\/\/www.osteopathie-praxis-zehlendorf.de\/cms\/?page_id=30"},"modified":"2024-07-02T13:57:28","modified_gmt":"2024-07-02T11:57:28","slug":"impressum","status":"publish","type":"page","link":"https:\/\/www.osteopathie-praxis-zehlendorf.de\/cms\/kontakt\/impressum\/","title":{"rendered":"Impressum"},"content":{"rendered":"\n<p><strong>Praxis f\u00fcr Osteopathie + Kinderosteopathie<\/strong><br>Burghardt Alpermann<br>Ahornstra\u00dfe 2<br>14163 Berlin<\/p>\n\n\n\n<h2 class=\"wp-block-heading\">Kontakt:<\/h2>\n\n\n\n<p>Tel: (030) 81 05 94 01<br>E-Mail: <a href=\"mailto:info@osteopathie-praxis-zehlendorf\" target=\"_blank\" rel=\"noopener\">info@osteopathie-praxis-zehlendorf<\/a><\/p>\n\n\n\n<h2 class=\"wp-block-heading\">Aufsichtsbeh\u00f6rde:<\/h2>\n\n\n\n<p>Landesamt f\u00fcr Gesundheit und Soziales I A 320<br>Postfach 310929<br>10639 Berlin<br><a href=\"https:\/\/www.berlin.de\/lageso\/\" target=\"_blank\" rel=\"noopener\">www.berlin.de\/lageso<\/a><\/p>\n\n\n\n<h2 class=\"wp-block-heading\">Berufsbezeichnung und berufsrechtliche Regelungen<\/h2>\n\n\n\n<p>Berufsbezeichnung: Heilpraktiker<br>Verliehen durch: Gesundheitsamt Berlin-Tempelhof-Sch\u00f6neberg<br>Die berufsrechtliche Regelung findet sich im Heilpraktikergesetz<br>Regelungen einsehbar unter: <a href=\"https:\/\/www.bdh-online.de\/\" target=\"_blank\" rel=\"noopener\">www.bdh-online.de<\/a> und <a href=\"http:\/\/www.bmjv.de\/DE\/Startseite\/Startseite_node.html\" target=\"_blank\" rel=\"noopener\">www.bmjv.de<\/a><\/p>\n\n\n\n<p>Berufsbezeichnung: Osteopath<br>Verliehen durch: <a href=\"https:\/\/www.bao-osteopathie.de\/\">BAO &#8211; Bundes Arbeitsgemeinschaft Osteopathie<\/a><\/p>\n\n\n\n<p><strong>Verbandsmitgliedschaft:<\/strong><br><a href=\"https:\/\/www.osteopathie.de\/\">VOD ( Verband der Osteopathen Deutschlands)<\/a><br><a href=\"https:\/\/www.bdh-online.de\/\">BDH ( Bund der Heilpraktiker)<\/a><\/p>\n\n\n\n<h2 class=\"wp-block-heading\">Angaben zur Berufshaftpflichtversicherung<\/h2>\n\n\n\n<p>Name und Sitz des Versicherers:<br>Nova allgemeine Versicherungen<br>Neue Rabenstr. 15-19<br>20354 Hamburg<\/p>\n\n\n\n<p>Geltungsraum der Versicherung: Deutschland<\/p>\n\n\n\n<h2 class=\"wp-block-heading\">Verantwortlich f\u00fcr den Inhalt nach \u00a7 55 Abs. 2 RStV:<\/h2>\n\n\n\n<p>Burghardt Alpermann<br>Ahornstra\u00dfe 2<br>14163 Berlin<\/p>\n\n\n\n<h2 class=\"wp-block-heading\">Verbraucherstreitbeilegung\/Universalschlichtungsstelle<\/h2>\n\n\n\n<p>Wir sind nicht bereit oder verpflichtet, an Streitbeilegungsverfahren vor einer<br>Verbraucherschlichtungsstelle teilzunehmen<\/p>\n\n\n\n<h2 class=\"wp-block-heading\">Fotos<\/h2>\n\n\n\n<p>Fotos Head:<br><a title=\"http:\/\/www.fotolia.de\" href=\"http:\/\/www.fotolia.de\">http:\/\/www.fotolia.de<\/a><\/p>\n\n\n\n<h2 class=\"wp-block-heading\">Webdesign<\/h2>\n\n\n\n<p>Webdesign: Isabelle Tr\u00e9nous <a href=\"http:\/\/www.froh-gl\u00fccklich.de\" target=\"_blank\" rel=\"noopener\"> www.froh-gl\u00fccklich.de<\/a><br>Programmierung: manuka public relations <a href=\"http:\/\/www.manuka-pr.de\" target=\"_blank\" rel=\"noopener\">www.manuka-pr.de<\/a><\/p>\n","protected":false},"excerpt":{"rendered":"<p>Praxis f\u00fcr Osteopathie + KinderosteopathieBurghardt AlpermannAhornstra\u00dfe 214163 Berlin Kontakt: Tel: (030) 81 05 94 01E-Mail: info@osteopathie-praxis-zehlendorf Aufsichtsbeh\u00f6rde: Landesamt f\u00fcr Gesundheit [&hellip;]<\/p>\n","protected":false},"author":1,"featured_media":0,"parent":21,"menu_order":0,"comment_status":"closed","ping_status":"open","template":"","meta":{"site-sidebar-layout":"default","site-content-layout":"","ast-site-content-layout":"","site-content-style":"default","site-sidebar-style":"default","ast-global-header-display":"","ast-banner-title-visibility":"","ast-main-header-display":"","ast-hfb-above-header-display":"","ast-hfb-below-header-display":"","ast-hfb-mobile-header-display":"","site-post-title":"","ast-breadcrumbs-content":"","ast-featured-img":"","footer-sml-layout":"","theme-transparent-header-meta":"","adv-header-id-meta":"","stick-header-meta":"","header-above-stick-meta":"","header-main-stick-meta":"","header-below-stick-meta":"","astra-migrate-meta-layouts":"default","ast-page-background-enabled":"default","ast-page-background-meta":{"desktop":{"background-color":"var(--ast-global-color-5)","background-image":"","background-repeat":"repeat","background-position":"center center","background-size":"auto","background-attachment":"scroll","background-type":"","background-media":"","overlay-type":"","overlay-color":"","overlay-opacity":"","overlay-gradient":""},"tablet":{"background-color":"","background-image":"","background-repeat":"repeat","background-position":"center center","background-size":"auto","background-attachment":"scroll","background-type":"","background-media":"","overlay-type":"","overlay-color":"","overlay-opacity":"","overlay-gradient":""},"mobile":{"background-color":"","background-image":"","background-repeat":"repeat","background-position":"center center","background-size":"auto","background-attachment":"scroll","background-type":"","background-media":"","overlay-type":"","overlay-color":"","overlay-opacity":"","overlay-gradient":""}},"ast-content-background-meta":{"desktop":{"background-color":"var(--ast-global-color-4)","background-image":"","background-repeat":"repeat","background-position":"center center","background-size":"auto","background-attachment":"scroll","background-type":"","background-media":"","overlay-type":"","overlay-color":"","overlay-opacity":"","overlay-gradient":""},"tablet":{"background-color":"var(--ast-global-color-4)","background-image":"","background-repeat":"repeat","background-position":"center center","background-size":"auto","background-attachment":"scroll","background-type":"","background-media":"","overlay-type":"","overlay-color":"","overlay-opacity":"","overlay-gradient":""},"mobile":{"background-color":"var(--ast-global-color-4)","background-image":"","background-repeat":"repeat","background-position":"center center","background-size":"auto","background-attachment":"scroll","background-type":"","background-media":"","overlay-type":"","overlay-color":"","overlay-opacity":"","overlay-gradient":""}},"footnotes":""},"class_list":["post-30","page","type-page","status-publish","hentry"],"_links":{"self":[{"href":"https:\/\/www.osteopathie-praxis-zehlendorf.de\/cms\/wp-json\/wp\/v2\/pages\/30","targetHints":{"allow":["GET"]}}],"collection":[{"href":"https:\/\/www.osteopathie-praxis-zehlendorf.de\/cms\/wp-json\/wp\/v2\/pages"}],"about":[{"href":"https:\/\/www.osteopathie-praxis-zehlendorf.de\/cms\/wp-json\/wp\/v2\/types\/page"}],"author":[{"embeddable":true,"href":"https:\/\/www.osteopathie-praxis-zehlendorf.de\/cms\/wp-json\/wp\/v2\/users\/1"}],"replies":[{"embeddable":true,"href":"https:\/\/www.osteopathie-praxis-zehlendorf.de\/cms\/wp-json\/wp\/v2\/comments?post=30"}],"version-history":[{"count":20,"href":"https:\/\/www.osteopathie-praxis-zehlendorf.de\/cms\/wp-json\/wp\/v2\/pages\/30\/revisions"}],"predecessor-version":[{"id":441,"href":"https:\/\/www.osteopathie-praxis-zehlendorf.de\/cms\/wp-json\/wp\/v2\/pages\/30\/revisions\/441"}],"up":[{"embeddable":true,"href":"https:\/\/www.osteopathie-praxis-zehlendorf.de\/cms\/wp-json\/wp\/v2\/pages\/21"}],"wp:attachment":[{"href":"https:\/\/www.osteopathie-praxis-zehlendorf.de\/cms\/wp-json\/wp\/v2\/media?parent=30"}],"curies":[{"name":"wp","href":"https:\/\/api.w.org\/{rel}","templated":true}]}}